{"id":3,"date":"2021-06-29T11:12:21","date_gmt":"2021-06-29T11:12:21","guid":{"rendered":"https:\/\/prooptica.pt\/?page_id=3"},"modified":"2022-07-28T17:20:33","modified_gmt":"2022-07-28T17:20:33","slug":"privacy-policy","status":"publish","type":"page","link":"https:\/\/www.prooptica.pt\/en\/politica-de-privacidade\/","title":{"rendered":"Privacy Policy"},"content":{"rendered":"<div data-elementor-type=\"wp-page\" data-elementor-id=\"3\" class=\"elementor elementor-3\">\n\t\t\t\t\t\t<section class=\"elementor-section elementor-top-section elementor-element elementor-element-a5117c6 elementor-section-full_width elementor-section-height-default elementor-section-height-default\" data-id=\"a5117c6\" data-element_type=\"section\" data-e-type=\"section\" data-settings=\"{&quot;background_background&quot;:&quot;classic&quot;}\">\n\t\t\t\t\t\t<div class=\"elementor-container elementor-column-gap-no\">\n\t\t\t\t\t<div class=\"elementor-column elementor-col-100 elementor-top-column elementor-element elementor-element-e5bf0dd ot-flex-column-vertical\" data-id=\"e5bf0dd\" data-element_type=\"column\" data-e-type=\"column\">\n\t\t\t<div class=\"elementor-widget-wrap elementor-element-populated\">\n\t\t\t\t\t\t<div class=\"elementor-element elementor-element-a6990fc theratio-align-center elementor-widget elementor-widget-iheading\" data-id=\"a6990fc\" data-element_type=\"widget\" data-e-type=\"widget\" data-widget_type=\"iheading.default\">\n\t\t\t\t<div class=\"elementor-widget-container\">\n\t\t\t\t\t\t\t<div class=\"ot-heading\">\n\t        \t        <h2 class=\"main-heading\">Privacy Policy<\/h2>\n\t        \t    <\/div>\n\t    \t\t\t\t<\/div>\n\t\t\t\t<\/div>\n\t\t\t\t\t<\/div>\n\t\t<\/div>\n\t\t\t\t\t<\/div>\n\t\t<\/section>\n\t\t\t\t<section class=\"elementor-section elementor-top-section elementor-element elementor-element-efb2d1d elementor-section-boxed elementor-section-height-default elementor-section-height-default\" data-id=\"efb2d1d\" data-element_type=\"section\" data-e-type=\"section\" data-settings=\"{&quot;background_background&quot;:&quot;classic&quot;}\">\n\t\t\t\t\t\t<div class=\"elementor-container elementor-column-gap-default\">\n\t\t\t\t\t<div class=\"elementor-column elementor-col-100 elementor-top-column elementor-element elementor-element-f223017 ot-flex-column-vertical\" data-id=\"f223017\" data-element_type=\"column\" data-e-type=\"column\">\n\t\t\t<div class=\"elementor-widget-wrap elementor-element-populated\">\n\t\t\t\t\t\t<div class=\"elementor-element elementor-element-29a58c8 elementor-widget elementor-widget-text-editor\" data-id=\"29a58c8\" data-element_type=\"widget\" data-e-type=\"widget\" data-widget_type=\"text-editor.default\">\n\t\t\t\t<div class=\"elementor-widget-container\">\n\t\t\t\t\t\t\t\t\t<h5><span style=\"color: #333333;\">This data privacy security declaration applies only to Prooptica services.<\/span><\/h5><p><span style=\"color: #333333;\">The Internet is a fabulous communication tool. Every day we realise its growing importance in our lives, because all it takes is a click of the mouse on our computer and the world is at our feet. People become closer, experiences are spread more quickly. The evolution of society today is galloping.<\/span><\/p><p><span style=\"color: #333333;\">For all these reasons, and so that everyone trusts this means of communication more and more, it is important for Prooptica that all users of its services and visitors to its pages have the confidentiality of their data guaranteed.<\/span><\/p><p><span style=\"color: #333333;\">When we ask for your name, address, telephone number, educational qualifications, etc., our aim is to maintain a closer relationship with our users. With your registration, we will call you by your first name, we will be closer to you and we will be able to respond to your needs or requests more effectively.<\/span><\/p><p><span style=\"color: #333333;\">If, for any reason, Prooptica feels the need to update its privacy policy, you will be the first to know.<\/span><\/p><p><span style=\"color: #333333;\">Prooptica guarantees that this information WILL NOT be disclosed to any other organisation or company. Prooptica.co.uk is committed to protecting your privacy and will endeavour to ensure that we use technology that is effective enough to make your online experience safer and your relationships with us stronger every day.<\/span><\/p><h5><span style=\"color: #333333;\">Cookies<\/span><\/h5><p><span style=\"color: #333333;\">If you leave a comment on our site you can choose to save your name, email address and website in cookies. This is for your convenience so you don't have to fill in your details again when you leave another comment. These cookies will last for one year.<\/span><\/p><p><span style=\"color: #333333;\">If you have an account and log in to this site, a temporary cookie will be set to determine whether your browser accepts cookies. This cookie contains no personal data and will be deleted when you close your browser.<\/span><\/p><p><span style=\"color: #333333;\">When you log in, some cookies will be set to store your session information and your screen viewing choices. Login cookies last for one year. If you select \"Remember me\", your session will persist for a fortnight. When you log out, the login cookies will be removed.<\/span><\/p><p><span style=\"color: #333333;\">If you edit or publish an article, an additional cookie will be stored in your browser. This cookie does not include any personal data, it simply indicates the content ID of the article you have just edited. It expires after 1 day.<\/span><\/p><h5><span style=\"color: #333333;\">Embedded content from other sites<\/span><\/h5><p><span style=\"color: #333333;\">Articles on this site may include embedded content (e.g. videos, images, articles, etc.). Embedded content from other sites behaves as if the user were visiting those sites.<\/span><\/p><p><span style=\"color: #333333;\">This site may collect data about you, use cookies, incorporate third-party tracking, monitor your interactions with it, including recording interactions with embedded content if you have an account and are logged in to that site.<\/span><\/p><h4><span style=\"color: #333333;\">Analytical data<\/span><\/h4><h5><span style=\"color: #333333;\">Who your data is shared with \/ How long your data is retained<\/span><\/h5><p><span style=\"color: #333333;\">If you leave a comment, the comment and its details are saved indefinitely. This is so that we can automatically recognise and approve any subsequent comments, rather than putting them in a moderation queue.<\/span><\/p><p><span style=\"color: #333333;\">For users who register on our site (if any), we store the personal information provided in their user profile. All users can view, edit, or delete their personal information at any time (with the exception that they cannot change their username). Site administrators can also view and edit this information.<\/span><\/p><h5><span style=\"color: #333333;\">What rights you have over your data<\/span><\/h5><p><span style=\"color: #333333;\">If you have an account on this site, or have left comments, you can ask to receive an export file with the personal data stored about you, including any personal data you have indicated. You can also ask for the stored data to be deleted. This does not include any personal data that is required to be kept for administrative, legal or security purposes.<\/span><\/p><p><span style=\"color: #333333;\">If you have any questions about this commitment, don't hesitate to contact us.\u00a0<span style=\"color: #333a43;\"><strong><span id=\"cloak53275\"><a style=\"color: #333a43;\" href=\"mailto:marketing@prooptica.pt\">contact us<\/a><\/span>.<\/strong><\/span><\/span><\/p>\t\t\t\t\t\t\t\t<\/div>\n\t\t\t\t<\/div>\n\t\t\t\t\t<\/div>\n\t\t<\/div>\n\t\t\t\t\t<\/div>\n\t\t<\/section>\n\t\t\t\t<\/div>","protected":false},"excerpt":{"rendered":"<p>Pol\u00edtica de Privacidade Esta declara\u00e7\u00e3o de garantia de privacidade de dados aplica-se especifica e exclusivamente ao servi\u00e7o da Prooptica. A Internet \u00e9 um instrumento de comunica\u00e7\u00e3o fabuloso. De dia para dia apercebemo-nos da sua crescente import\u00e2ncia na nossa vida, pois basta um clicar no rato do nosso computador e o mundo fica aos nossos p\u00e9s. [&hellip;]<\/p>\n","protected":false},"author":3,"featured_media":0,"parent":0,"menu_order":0,"comment_status":"closed","ping_status":"open","template":"","meta":{"footnotes":""},"class_list":["post-3","page","type-page","status-publish","hentry"],"yoast_head":"<!-- This site is optimized with the Yoast SEO plugin v27.3 - https:\/\/yoast.com\/product\/yoast-seo-wordpress\/ -->\n<title>Privacy Policy - Prooptica<\/title>\n<meta name=\"robots\" content=\"index, follow, max-snippet:-1, max-image-preview:large, max-video-preview:-1\" \/>\n<link rel=\"canonical\" href=\"https:\/\/www.prooptica.pt\/en\/privacy-policy\/\" \/>\n<meta property=\"og:locale\" content=\"en_GB\" \/>\n<meta property=\"og:type\" content=\"article\" \/>\n<meta property=\"og:title\" content=\"Privacy Policy - Prooptica\" \/>\n<meta property=\"og:description\" content=\"Pol\u00edtica de Privacidade Esta declara\u00e7\u00e3o de garantia de privacidade de dados aplica-se especifica e exclusivamente ao servi\u00e7o da Prooptica. A Internet \u00e9 um instrumento de comunica\u00e7\u00e3o fabuloso. De dia para dia apercebemo-nos da sua crescente import\u00e2ncia na nossa vida, pois basta um clicar no rato do nosso computador e o mundo fica aos nossos p\u00e9s. [&hellip;]\" \/>\n<meta property=\"og:url\" content=\"https:\/\/www.prooptica.pt\/en\/privacy-policy\/\" \/>\n<meta property=\"og:site_name\" content=\"Prooptica\" \/>\n<meta property=\"article:modified_time\" content=\"2022-07-28T17:20:33+00:00\" \/>\n<meta name=\"twitter:card\" content=\"summary_large_image\" \/>\n<meta name=\"twitter:label1\" content=\"Estimated reading time\" \/>\n\t<meta name=\"twitter:data1\" content=\"4 minutes\" \/>\n<script type=\"application\/ld+json\" class=\"yoast-schema-graph\">{\"@context\":\"https:\\\/\\\/schema.org\",\"@graph\":[{\"@type\":\"WebPage\",\"@id\":\"https:\\\/\\\/www.prooptica.pt\\\/politica-de-privacidade\\\/\",\"url\":\"https:\\\/\\\/www.prooptica.pt\\\/politica-de-privacidade\\\/\",\"name\":\"Privacy Policy - Prooptica\",\"isPartOf\":{\"@id\":\"https:\\\/\\\/www.prooptica.pt\\\/home\\\/#website\"},\"datePublished\":\"2021-06-29T11:12:21+00:00\",\"dateModified\":\"2022-07-28T17:20:33+00:00\",\"breadcrumb\":{\"@id\":\"https:\\\/\\\/www.prooptica.pt\\\/politica-de-privacidade\\\/#breadcrumb\"},\"inLanguage\":\"en-GB\",\"potentialAction\":[{\"@type\":\"ReadAction\",\"target\":[\"https:\\\/\\\/www.prooptica.pt\\\/politica-de-privacidade\\\/\"]}]},{\"@type\":\"BreadcrumbList\",\"@id\":\"https:\\\/\\\/www.prooptica.pt\\\/politica-de-privacidade\\\/#breadcrumb\",\"itemListElement\":[{\"@type\":\"ListItem\",\"position\":1,\"name\":\"In\u00edcio\",\"item\":\"https:\\\/\\\/www.prooptica.pt\\\/\"},{\"@type\":\"ListItem\",\"position\":2,\"name\":\"Privacy Policy\"}]},{\"@type\":\"WebSite\",\"@id\":\"https:\\\/\\\/www.prooptica.pt\\\/home\\\/#website\",\"url\":\"https:\\\/\\\/www.prooptica.pt\\\/home\\\/\",\"name\":\"Prooptica\",\"description\":\"Full Eyewear Concept\",\"potentialAction\":[{\"@type\":\"SearchAction\",\"target\":{\"@type\":\"EntryPoint\",\"urlTemplate\":\"https:\\\/\\\/www.prooptica.pt\\\/home\\\/?s={search_term_string}\"},\"query-input\":{\"@type\":\"PropertyValueSpecification\",\"valueRequired\":true,\"valueName\":\"search_term_string\"}}],\"inLanguage\":\"en-GB\"}]}<\/script>\n<!-- \/ Yoast SEO plugin. -->","yoast_head_json":{"title":"Privacy Policy - Prooptica","robots":{"index":"index","follow":"follow","max-snippet":"max-snippet:-1","max-image-preview":"max-image-preview:large","max-video-preview":"max-video-preview:-1"},"canonical":"https:\/\/www.prooptica.pt\/en\/privacy-policy\/","og_locale":"en_GB","og_type":"article","og_title":"Privacy Policy - Prooptica","og_description":"Pol\u00edtica de Privacidade Esta declara\u00e7\u00e3o de garantia de privacidade de dados aplica-se especifica e exclusivamente ao servi\u00e7o da Prooptica. A Internet \u00e9 um instrumento de comunica\u00e7\u00e3o fabuloso. De dia para dia apercebemo-nos da sua crescente import\u00e2ncia na nossa vida, pois basta um clicar no rato do nosso computador e o mundo fica aos nossos p\u00e9s. [&hellip;]","og_url":"https:\/\/www.prooptica.pt\/en\/privacy-policy\/","og_site_name":"Prooptica","article_modified_time":"2022-07-28T17:20:33+00:00","twitter_card":"summary_large_image","twitter_misc":{"Estimated reading time":"4 minutes"},"schema":{"@context":"https:\/\/schema.org","@graph":[{"@type":"WebPage","@id":"https:\/\/www.prooptica.pt\/politica-de-privacidade\/","url":"https:\/\/www.prooptica.pt\/politica-de-privacidade\/","name":"Privacy Policy - Prooptica","isPartOf":{"@id":"https:\/\/www.prooptica.pt\/home\/#website"},"datePublished":"2021-06-29T11:12:21+00:00","dateModified":"2022-07-28T17:20:33+00:00","breadcrumb":{"@id":"https:\/\/www.prooptica.pt\/politica-de-privacidade\/#breadcrumb"},"inLanguage":"en-GB","potentialAction":[{"@type":"ReadAction","target":["https:\/\/www.prooptica.pt\/politica-de-privacidade\/"]}]},{"@type":"BreadcrumbList","@id":"https:\/\/www.prooptica.pt\/politica-de-privacidade\/#breadcrumb","itemListElement":[{"@type":"ListItem","position":1,"name":"In\u00edcio","item":"https:\/\/www.prooptica.pt\/"},{"@type":"ListItem","position":2,"name":"Privacy Policy"}]},{"@type":"WebSite","@id":"https:\/\/www.prooptica.pt\/home\/#website","url":"https:\/\/www.prooptica.pt\/home\/","name":"Prooptica","description":"Full Eyewear Concept","potentialAction":[{"@type":"SearchAction","target":{"@type":"EntryPoint","urlTemplate":"https:\/\/www.prooptica.pt\/home\/?s={search_term_string}"},"query-input":{"@type":"PropertyValueSpecification","valueRequired":true,"valueName":"search_term_string"}}],"inLanguage":"en-GB"}]}},"_links":{"self":[{"href":"https:\/\/www.prooptica.pt\/en\/wp-json\/wp\/v2\/pages\/3","targetHints":{"allow":["GET"]}}],"collection":[{"href":"https:\/\/www.prooptica.pt\/en\/wp-json\/wp\/v2\/pages"}],"about":[{"href":"https:\/\/www.prooptica.pt\/en\/wp-json\/wp\/v2\/types\/page"}],"author":[{"embeddable":true,"href":"https:\/\/www.prooptica.pt\/en\/wp-json\/wp\/v2\/users\/3"}],"replies":[{"embeddable":true,"href":"https:\/\/www.prooptica.pt\/en\/wp-json\/wp\/v2\/comments?post=3"}],"version-history":[{"count":0,"href":"https:\/\/www.prooptica.pt\/en\/wp-json\/wp\/v2\/pages\/3\/revisions"}],"wp:attachment":[{"href":"https:\/\/www.prooptica.pt\/en\/wp-json\/wp\/v2\/media?parent=3"}],"curies":[{"name":"wp","href":"https:\/\/api.w.org\/{rel}","templated":true}]}}